{"id":1568,"date":"2022-07-08T08:57:51","date_gmt":"2022-07-08T07:57:51","guid":{"rendered":"https:\/\/ideel.nicolasgrimm.ch\/mein-konto\/"},"modified":"2023-11-22T18:03:06","modified_gmt":"2023-11-22T17:03:06","slug":"mein-konto","status":"publish","type":"page","link":"https:\/\/ideel.ch\/fr\/mein-konto\/","title":{"rendered":"Mon compte"},"content":{"rendered":"<div data-elementor-type=\"wp-page\" data-elementor-id=\"1568\" class=\"elementor elementor-1568\" data-elementor-post-type=\"page\">\n\t\t\t\t\t\t<section class=\"elementor-section elementor-top-section elementor-element elementor-element-d942f91 elementor-section-boxed elementor-section-height-default elementor-section-height-default\" data-id=\"d942f91\" data-element_type=\"section\" data-e-type=\"section\" data-settings=\"{&quot;background_background&quot;:&quot;classic&quot;}\">\n\t\t\t\t\t\t<div class=\"elementor-container elementor-column-gap-default\">\n\t\t\t\t\t<div class=\"elementor-column elementor-col-100 elementor-top-column elementor-element elementor-element-f19f1c3\" data-id=\"f19f1c3\" data-element_type=\"column\" data-e-type=\"column\">\n\t\t\t<div class=\"elementor-widget-wrap elementor-element-populated\">\n\t\t\t\t\t\t<div class=\"elementor-element elementor-element-c98aa7c elementor-widget__width-auto elementor-widget elementor-widget-heading\" data-id=\"c98aa7c\" data-element_type=\"widget\" data-e-type=\"widget\" data-widget_type=\"heading.default\">\n\t\t\t\t<div class=\"elementor-widget-container\">\n\t\t\t\t\t<h1 class=\"elementor-heading-title elementor-size-default\">Mon compte<\/h1>\t\t\t\t<\/div>\n\t\t\t\t<\/div>\n\t\t\t\t\t<\/div>\n\t\t<\/div>\n\t\t\t\t\t<\/div>\n\t\t<\/section>\n\t\t\t\t<section class=\"elementor-section elementor-top-section elementor-element elementor-element-79a096ed elementor-section-boxed elementor-section-height-default elementor-section-height-default\" data-id=\"79a096ed\" data-element_type=\"section\" data-e-type=\"section\">\n\t\t\t\t\t\t<div class=\"elementor-container elementor-column-gap-default\">\n\t\t\t\t\t<div class=\"elementor-column elementor-col-100 elementor-top-column elementor-element elementor-element-d6d456a\" data-id=\"d6d456a\" data-element_type=\"column\" data-e-type=\"column\">\n\t\t\t<div class=\"elementor-widget-wrap elementor-element-populated\">\n\t\t\t\t\t\t<div class=\"elementor-element elementor-element-6b66969b e-my-account-tabs-horizontal elementor-widget elementor-widget-woocommerce-my-account\" data-id=\"6b66969b\" data-element_type=\"widget\" data-e-type=\"widget\" data-widget_type=\"woocommerce-my-account.default\">\n\t\t\t\t<div class=\"elementor-widget-container\">\n\t\t\t\t\t<div class=\"e-my-account-tab e-my-account-tab__\">\t\t\t<div class=\"woocommerce\"><\/div>\t\t<\/div>\n\t\t\t\t\t\t<\/div>\n\t\t\t\t<\/div>\n\t\t\t\t<div class=\"elementor-element elementor-element-f788ef2 elementor-align-left jedv-enabled--yes e-transform elementor-widget elementor-widget-button\" data-id=\"f788ef2\" data-element_type=\"widget\" data-e-type=\"widget\" data-settings=\"{&quot;_transform_translateX_effect_hover&quot;:{&quot;unit&quot;:&quot;px&quot;,&quot;size&quot;:20,&quot;sizes&quot;:[]},&quot;_transform_translateX_effect_hover_tablet&quot;:{&quot;unit&quot;:&quot;px&quot;,&quot;size&quot;:&quot;&quot;,&quot;sizes&quot;:[]},&quot;_transform_translateX_effect_hover_mobile&quot;:{&quot;unit&quot;:&quot;px&quot;,&quot;size&quot;:&quot;&quot;,&quot;sizes&quot;:[]},&quot;_transform_translateY_effect_hover&quot;:{&quot;unit&quot;:&quot;px&quot;,&quot;size&quot;:&quot;&quot;,&quot;sizes&quot;:[]},&quot;_transform_translateY_effect_hover_tablet&quot;:{&quot;unit&quot;:&quot;px&quot;,&quot;size&quot;:&quot;&quot;,&quot;sizes&quot;:[]},&quot;_transform_translateY_effect_hover_mobile&quot;:{&quot;unit&quot;:&quot;px&quot;,&quot;size&quot;:&quot;&quot;,&quot;sizes&quot;:[]}}\" data-widget_type=\"button.default\">\n\t\t\t\t<div class=\"elementor-widget-container\">\n\t\t\t\t\t\t\t\t\t<div class=\"elementor-button-wrapper\">\n\t\t\t\t\t<a class=\"elementor-button elementor-button-link elementor-size-sm\" href=\"https:\/\/ideel.ch\/fr\/shop-registrierung\/\">\n\t\t\t\t\t\t<span class=\"elementor-button-content-wrapper\">\n\t\t\t\t\t\t<span class=\"elementor-button-icon\">\n\t\t\t\t<i aria-hidden=\"true\" class=\"fas fa-arrow-right\"><\/i>\t\t\t<\/span>\n\t\t\t\t\t\t\t\t\t<span class=\"elementor-button-text\">S'inscrire<\/span>\n\t\t\t\t\t<\/span>\n\t\t\t\t\t<\/a>\n\t\t\t\t<\/div>\n\t\t\t\t\t\t\t\t<\/div>\n\t\t\t\t<\/div>\n\t\t\t\t\t<\/div>\n\t\t<\/div>\n\t\t\t\t\t<\/div>\n\t\t<\/section>\n\t\t\t\t<\/div>","protected":false},"excerpt":{"rendered":"<p>Tableau de bord Commandes T\u00e9l\u00e9chargements Adresse Informations sur le compte D\u00e9connexion Tableau de bord Commandes T\u00e9l\u00e9chargements Adresse Informations sur le compte D\u00e9connexion Tableau de bord Commandes T\u00e9l\u00e9chargements Adresse Informations sur le compte Bonjour admin (pas admin ? D\u00e9connexion) Dans l'aper\u00e7u de ton compte, tu peux voir tes derni\u00e8res commandes, g\u00e9rer tes adresses de livraison et de facturation et modifier ton mot de passe et les d\u00e9tails de ton compte. S'inscrire<\/p>","protected":false},"author":1,"featured_media":0,"parent":0,"menu_order":0,"comment_status":"closed","ping_status":"closed","template":"","meta":{"footnotes":""},"class_list":["post-1568","page","type-page","status-publish","hentry"],"yoast_head":"<!-- This site is optimized with the Yoast SEO plugin v27.4 - https:\/\/yoast.com\/product\/yoast-seo-wordpress\/ -->\n<title>Mein Konto - Id\u00e9el AG<\/title>\n<meta name=\"robots\" content=\"index, follow, max-snippet:-1, max-image-preview:large, max-video-preview:-1\" \/>\n<link rel=\"canonical\" href=\"https:\/\/ideel.ch\/fr\/mein-konto\/\" \/>\n<meta property=\"og:locale\" content=\"fr_FR\" \/>\n<meta property=\"og:type\" content=\"article\" \/>\n<meta property=\"og:title\" content=\"Mein Konto - Id\u00e9el AG\" \/>\n<meta property=\"og:description\" content=\"Dashboard Bestellungen Downloads Adresse Kontoinformationen Abmelden Dashboard Bestellungen Downloads Adresse Kontoinformationen Abmelden Dashboard Bestellungen Downloads Adresse Kontoinformationen Abmelden Dashboard Bestellungen Downloads Adresse Kontoinformationen Abmelden Hallo admin (nicht admin? Abmelden) In deiner Konto-\u00dcbersicht kannst du deine letzten Bestellungen ansehen, deine Liefer- und Rechnungsadresse verwalten und dein Passwort und die Kontodetails bearbeiten. Registrieren\" \/>\n<meta property=\"og:url\" content=\"https:\/\/ideel.ch\/fr\/mein-konto\/\" \/>\n<meta property=\"og:site_name\" content=\"Id\u00e9el AG\" \/>\n<meta property=\"article:modified_time\" content=\"2023-11-22T17:03:06+00:00\" \/>\n<meta name=\"twitter:card\" content=\"summary_large_image\" \/>\n<script type=\"application\/ld+json\" class=\"yoast-schema-graph\">{\"@context\":\"https:\\\/\\\/schema.org\",\"@graph\":[{\"@type\":\"WebPage\",\"@id\":\"https:\\\/\\\/ideel.ch\\\/mein-konto\\\/\",\"url\":\"https:\\\/\\\/ideel.ch\\\/mein-konto\\\/\",\"name\":\"Mein Konto - Id\u00e9el AG\",\"isPartOf\":{\"@id\":\"https:\\\/\\\/ideel.ch\\\/#website\"},\"datePublished\":\"2022-07-08T07:57:51+00:00\",\"dateModified\":\"2023-11-22T17:03:06+00:00\",\"breadcrumb\":{\"@id\":\"https:\\\/\\\/ideel.ch\\\/mein-konto\\\/#breadcrumb\"},\"inLanguage\":\"fr-FR\",\"potentialAction\":[{\"@type\":\"ReadAction\",\"target\":[\"https:\\\/\\\/ideel.ch\\\/mein-konto\\\/\"]}]},{\"@type\":\"BreadcrumbList\",\"@id\":\"https:\\\/\\\/ideel.ch\\\/mein-konto\\\/#breadcrumb\",\"itemListElement\":[{\"@type\":\"ListItem\",\"position\":1,\"name\":\"Startseite\",\"item\":\"https:\\\/\\\/ideel.ch\\\/\"},{\"@type\":\"ListItem\",\"position\":2,\"name\":\"Mein Konto\"}]},{\"@type\":\"WebSite\",\"@id\":\"https:\\\/\\\/ideel.ch\\\/#website\",\"url\":\"https:\\\/\\\/ideel.ch\\\/\",\"name\":\"Id\u00e9el AG\",\"description\":\"\",\"publisher\":{\"@id\":\"https:\\\/\\\/ideel.ch\\\/#organization\"},\"potentialAction\":[{\"@type\":\"SearchAction\",\"target\":{\"@type\":\"EntryPoint\",\"urlTemplate\":\"https:\\\/\\\/ideel.ch\\\/?s={search_term_string}\"},\"query-input\":{\"@type\":\"PropertyValueSpecification\",\"valueRequired\":true,\"valueName\":\"search_term_string\"}}],\"inLanguage\":\"fr-FR\"},{\"@type\":\"Organization\",\"@id\":\"https:\\\/\\\/ideel.ch\\\/#organization\",\"name\":\"Id\u00e9el Ag\",\"url\":\"https:\\\/\\\/ideel.ch\\\/\",\"logo\":{\"@type\":\"ImageObject\",\"inLanguage\":\"fr-FR\",\"@id\":\"https:\\\/\\\/ideel.ch\\\/#\\\/schema\\\/logo\\\/image\\\/\",\"url\":\"https:\\\/\\\/ideel.ch\\\/wp-content\\\/uploads\\\/2022\\\/06\\\/Logo_Ide\u0301el_schwarz.png\",\"contentUrl\":\"https:\\\/\\\/ideel.ch\\\/wp-content\\\/uploads\\\/2022\\\/06\\\/Logo_Ide\u0301el_schwarz.png\",\"width\":2156,\"height\":1299,\"caption\":\"Id\u00e9el Ag\"},\"image\":{\"@id\":\"https:\\\/\\\/ideel.ch\\\/#\\\/schema\\\/logo\\\/image\\\/\"}}]}<\/script>\n<!-- \/ Yoast SEO plugin. -->","yoast_head_json":{"title":"Mein Konto - Id\u00e9el AG","robots":{"index":"index","follow":"follow","max-snippet":"max-snippet:-1","max-image-preview":"max-image-preview:large","max-video-preview":"max-video-preview:-1"},"canonical":"https:\/\/ideel.ch\/fr\/mein-konto\/","og_locale":"fr_FR","og_type":"article","og_title":"Mein Konto - Id\u00e9el AG","og_description":"Dashboard Bestellungen Downloads Adresse Kontoinformationen Abmelden Dashboard Bestellungen Downloads Adresse Kontoinformationen Abmelden Dashboard Bestellungen Downloads Adresse Kontoinformationen Abmelden Dashboard Bestellungen Downloads Adresse Kontoinformationen Abmelden Hallo admin (nicht admin? Abmelden) In deiner Konto-\u00dcbersicht kannst du deine letzten Bestellungen ansehen, deine Liefer- und Rechnungsadresse verwalten und dein Passwort und die Kontodetails bearbeiten. Registrieren","og_url":"https:\/\/ideel.ch\/fr\/mein-konto\/","og_site_name":"Id\u00e9el AG","article_modified_time":"2023-11-22T17:03:06+00:00","twitter_card":"summary_large_image","schema":{"@context":"https:\/\/schema.org","@graph":[{"@type":"WebPage","@id":"https:\/\/ideel.ch\/mein-konto\/","url":"https:\/\/ideel.ch\/mein-konto\/","name":"Mein Konto - Id\u00e9el AG","isPartOf":{"@id":"https:\/\/ideel.ch\/#website"},"datePublished":"2022-07-08T07:57:51+00:00","dateModified":"2023-11-22T17:03:06+00:00","breadcrumb":{"@id":"https:\/\/ideel.ch\/mein-konto\/#breadcrumb"},"inLanguage":"fr-FR","potentialAction":[{"@type":"ReadAction","target":["https:\/\/ideel.ch\/mein-konto\/"]}]},{"@type":"BreadcrumbList","@id":"https:\/\/ideel.ch\/mein-konto\/#breadcrumb","itemListElement":[{"@type":"ListItem","position":1,"name":"Startseite","item":"https:\/\/ideel.ch\/"},{"@type":"ListItem","position":2,"name":"Mein Konto"}]},{"@type":"WebSite","@id":"https:\/\/ideel.ch\/#website","url":"https:\/\/ideel.ch\/","name":"Id\u00e9el AG","description":"","publisher":{"@id":"https:\/\/ideel.ch\/#organization"},"potentialAction":[{"@type":"SearchAction","target":{"@type":"EntryPoint","urlTemplate":"https:\/\/ideel.ch\/?s={search_term_string}"},"query-input":{"@type":"PropertyValueSpecification","valueRequired":true,"valueName":"search_term_string"}}],"inLanguage":"fr-FR"},{"@type":"Organization","@id":"https:\/\/ideel.ch\/#organization","name":"Id\u00e9el Ag","url":"https:\/\/ideel.ch\/","logo":{"@type":"ImageObject","inLanguage":"fr-FR","@id":"https:\/\/ideel.ch\/#\/schema\/logo\/image\/","url":"https:\/\/ideel.ch\/wp-content\/uploads\/2022\/06\/Logo_Ide\u0301el_schwarz.png","contentUrl":"https:\/\/ideel.ch\/wp-content\/uploads\/2022\/06\/Logo_Ide\u0301el_schwarz.png","width":2156,"height":1299,"caption":"Id\u00e9el Ag"},"image":{"@id":"https:\/\/ideel.ch\/#\/schema\/logo\/image\/"}}]}},"_links":{"self":[{"href":"https:\/\/ideel.ch\/fr\/wp-json\/wp\/v2\/pages\/1568","targetHints":{"allow":["GET"]}}],"collection":[{"href":"https:\/\/ideel.ch\/fr\/wp-json\/wp\/v2\/pages"}],"about":[{"href":"https:\/\/ideel.ch\/fr\/wp-json\/wp\/v2\/types\/page"}],"author":[{"embeddable":true,"href":"https:\/\/ideel.ch\/fr\/wp-json\/wp\/v2\/users\/1"}],"replies":[{"embeddable":true,"href":"https:\/\/ideel.ch\/fr\/wp-json\/wp\/v2\/comments?post=1568"}],"version-history":[{"count":20,"href":"https:\/\/ideel.ch\/fr\/wp-json\/wp\/v2\/pages\/1568\/revisions"}],"predecessor-version":[{"id":5932,"href":"https:\/\/ideel.ch\/fr\/wp-json\/wp\/v2\/pages\/1568\/revisions\/5932"}],"wp:attachment":[{"href":"https:\/\/ideel.ch\/fr\/wp-json\/wp\/v2\/media?parent=1568"}],"curies":[{"name":"wp","href":"https:\/\/api.w.org\/{rel}","templated":true}]}}