{"id":64,"date":"2021-08-21T16:57:15","date_gmt":"2021-08-21T15:57:15","guid":{"rendered":"https:\/\/templatekit.infinity-media.ch\/impressum\/"},"modified":"2023-04-05T09:55:57","modified_gmt":"2023-04-05T08:55:57","slug":"impressum","status":"publish","type":"page","link":"https:\/\/ideel.ch\/fr\/impressum\/","title":{"rendered":"Mentions l\u00e9gales"},"content":{"rendered":"<div data-elementor-type=\"wp-page\" data-elementor-id=\"64\" class=\"elementor elementor-64\" data-elementor-post-type=\"page\">\n\t\t\t\t\t\t<section class=\"elementor-section elementor-top-section elementor-element elementor-element-bf70057 elementor-section-boxed elementor-section-height-default elementor-section-height-default\" data-id=\"bf70057\" data-element_type=\"section\" data-e-type=\"section\" data-settings=\"{&quot;background_background&quot;:&quot;classic&quot;}\">\n\t\t\t\t\t\t<div class=\"elementor-container elementor-column-gap-default\">\n\t\t\t\t\t<div class=\"elementor-column elementor-col-100 elementor-top-column elementor-element elementor-element-7ee9454\" data-id=\"7ee9454\" data-element_type=\"column\" data-e-type=\"column\">\n\t\t\t<div class=\"elementor-widget-wrap elementor-element-populated\">\n\t\t\t\t\t\t<div class=\"elementor-element elementor-element-e6db064 elementor-widget__width-auto elementor-widget elementor-widget-heading\" data-id=\"e6db064\" data-element_type=\"widget\" data-e-type=\"widget\" data-widget_type=\"heading.default\">\n\t\t\t\t<div class=\"elementor-widget-container\">\n\t\t\t\t\t<h1 class=\"elementor-heading-title elementor-size-default\"> Mentions l\u00e9gales<\/h1>\t\t\t\t<\/div>\n\t\t\t\t<\/div>\n\t\t\t\t\t<\/div>\n\t\t<\/div>\n\t\t\t\t\t<\/div>\n\t\t<\/section>\n\t\t<div class=\"elementor-element elementor-element-b95e0b1 e-flex e-con-boxed e-con e-parent\" data-id=\"b95e0b1\" data-element_type=\"container\" data-e-type=\"container\">\n\t\t\t\t\t<div class=\"e-con-inner\">\n\t\t\t\t<div class=\"elementor-element elementor-element-a5e1550 elementor-widget elementor-widget-text-editor\" data-id=\"a5e1550\" data-element_type=\"widget\" data-e-type=\"widget\" data-widget_type=\"text-editor.default\">\n\t\t\t\t<div class=\"elementor-widget-container\">\n\t\t\t\t\t\t\t\t\t<p><strong>Adresse de contact<br \/><\/strong>Id\u00e9el AG<br \/>16a, rue Grundstrasse<br \/>8712 St\u00e4fa<br \/>Suisse<\/p><p><a href=\"mailto:info@ideel.ch\"><u>info@ideel.ch<\/u><\/a><\/p><p class=\"translation-block\"><strong>Avis de non-responsabilit\u00e9<br \/><\/strong>L'auteur n'assume aucune responsabilit\u00e9 quant \u00e0 la v\u00e9racit\u00e9, l'exactitude, l'actualit\u00e9, la fiabilit\u00e9 et l'exhaustivit\u00e9 du contenu des informations.<\/p><p>L'auteur ne saurait \u00eatre tenu pour responsable des dommages mat\u00e9riels ou immat\u00e9riels qui pourraient \u00eatre caus\u00e9s par l'acc\u00e8s aux informations diffus\u00e9es ou par leur utilisation ou non-utilisation, par le mauvais usage de la connexion ou par des probl\u00e8mes techniques.<\/p><p>Toutes les offres sont sans engagement et non contractuelles. L'auteur se r\u00e9serve express\u00e9ment le droit de modifier, de compl\u00e9ter ou de supprimer des parties de pages ou l'ensemble de l'offre sans avis pr\u00e9alable, ou d'en suspendre temporairement ou d\u00e9finitivement la publication.<\/p><p class=\"translation-block\"><strong>L'exclusion de responsabilit\u00e9 pour les liens<\/strong><br \/>Les renvois et liens vers des sites web de tiers ne rel\u00e8vent pas de notre responsabilit\u00e9. Nous d\u00e9clinons toute responsabilit\u00e9 pour de tels sites web. L'acc\u00e8s \u00e0 de tels sites et leur utilisation se font aux risques et p\u00e9rils de l'utilisateur.<\/p><p><strong>Droits d'auteur<br \/><\/strong>Les droits d'auteur et tous les autres droits li\u00e9s aux contenus, images, photos ou autres fichiers figurant sur ce site Internet sont la propri\u00e9t\u00e9 exclusive d'Id\u00e9el SA ou des titulaires de droits nomm\u00e9ment cit\u00e9s. Pour la reproduction de tout \u00e9l\u00e9ment, l'autorisation \u00e9crite du d\u00e9tenteur des droits doit \u00eatre obtenue au pr\u00e9alable.<\/p><p><strong>D\u00e9veloppement web<br \/><\/strong><a href=\"https:\/\/nicolasgrimm.ch\/\">nicolasgrimm.ch<\/a><\/p><p>St\u00e4fa, le 10.02.2023<br \/>Source :\u00a0<a href=\"https:\/\/www.swissanwalt.ch\/\" target=\"_blank\" rel=\"nofollow noopener\">SwissAnwalt<\/a><\/p>\t\t\t\t\t\t\t\t<\/div>\n\t\t\t\t<\/div>\n\t\t\t\t\t<\/div>\n\t\t\t\t<\/div>\n\t\t\t\t<\/div>","protected":false},"excerpt":{"rendered":"<p>Impressum KontaktadresseId\u00e9el AGGrundstrasse 16a8712 St\u00e4faSchweiz info@ideel.ch HaftungsausschlussDer Autor \u00fcbernimmt keinerlei Gew\u00e4hr hinsichtlich der inhaltlichen Richtigkeit, Genauigkeit, Aktualit\u00e4t, Zuverl\u00e4ssigkeit und Vollst\u00e4ndigkeit der Informationen. Haftungsanspr\u00fcche gegen den Autor wegen Sch\u00e4den materieller oder immaterieller Art, welche aus dem Zugriff oder der Nutzung bzw. Nichtnutzung der ver\u00f6ffentlichten Informationen, durch Missbrauch der Verbindung oder durch technische St\u00f6rungen entstanden sind, werden [&hellip;]<\/p>\n","protected":false},"author":1,"featured_media":0,"parent":0,"menu_order":0,"comment_status":"closed","ping_status":"closed","template":"elementor_header_footer","meta":{"footnotes":""},"class_list":["post-64","page","type-page","status-publish","hentry"],"yoast_head":"<!-- This site is optimized with the Yoast SEO plugin v27.4 - https:\/\/yoast.com\/product\/yoast-seo-wordpress\/ -->\n<title>Impressum - Id\u00e9el AG<\/title>\n<meta name=\"robots\" content=\"index, follow, max-snippet:-1, max-image-preview:large, max-video-preview:-1\" \/>\n<link rel=\"canonical\" href=\"https:\/\/ideel.ch\/fr\/impressum\/\" \/>\n<meta property=\"og:locale\" content=\"fr_FR\" \/>\n<meta property=\"og:type\" content=\"article\" \/>\n<meta property=\"og:title\" content=\"Impressum - Id\u00e9el AG\" \/>\n<meta property=\"og:description\" content=\"Impressum KontaktadresseId\u00e9el AGGrundstrasse 16a8712 St\u00e4faSchweiz info@ideel.ch HaftungsausschlussDer Autor \u00fcbernimmt keinerlei Gew\u00e4hr hinsichtlich der inhaltlichen Richtigkeit, Genauigkeit, Aktualit\u00e4t, Zuverl\u00e4ssigkeit und Vollst\u00e4ndigkeit der Informationen. Haftungsanspr\u00fcche gegen den Autor wegen Sch\u00e4den materieller oder immaterieller Art, welche aus dem Zugriff oder der Nutzung bzw. Nichtnutzung der ver\u00f6ffentlichten Informationen, durch Missbrauch der Verbindung oder durch technische St\u00f6rungen entstanden sind, werden [&hellip;]\" \/>\n<meta property=\"og:url\" content=\"https:\/\/ideel.ch\/fr\/impressum\/\" \/>\n<meta property=\"og:site_name\" content=\"Id\u00e9el AG\" \/>\n<meta property=\"article:modified_time\" content=\"2023-04-05T08:55:57+00:00\" \/>\n<meta name=\"twitter:card\" content=\"summary_large_image\" \/>\n<meta name=\"twitter:label1\" content=\"Dur\u00e9e de lecture estim\u00e9e\" \/>\n\t<meta name=\"twitter:data1\" content=\"1 minute\" \/>\n<script type=\"application\/ld+json\" class=\"yoast-schema-graph\">{\"@context\":\"https:\\\/\\\/schema.org\",\"@graph\":[{\"@type\":\"WebPage\",\"@id\":\"https:\\\/\\\/ideel.ch\\\/impressum\\\/\",\"url\":\"https:\\\/\\\/ideel.ch\\\/impressum\\\/\",\"name\":\"Impressum - Id\u00e9el AG\",\"isPartOf\":{\"@id\":\"https:\\\/\\\/ideel.ch\\\/#website\"},\"datePublished\":\"2021-08-21T15:57:15+00:00\",\"dateModified\":\"2023-04-05T08:55:57+00:00\",\"breadcrumb\":{\"@id\":\"https:\\\/\\\/ideel.ch\\\/impressum\\\/#breadcrumb\"},\"inLanguage\":\"fr-FR\",\"potentialAction\":[{\"@type\":\"ReadAction\",\"target\":[\"https:\\\/\\\/ideel.ch\\\/impressum\\\/\"]}]},{\"@type\":\"BreadcrumbList\",\"@id\":\"https:\\\/\\\/ideel.ch\\\/impressum\\\/#breadcrumb\",\"itemListElement\":[{\"@type\":\"ListItem\",\"position\":1,\"name\":\"Startseite\",\"item\":\"https:\\\/\\\/ideel.ch\\\/\"},{\"@type\":\"ListItem\",\"position\":2,\"name\":\"Impressum\"}]},{\"@type\":\"WebSite\",\"@id\":\"https:\\\/\\\/ideel.ch\\\/#website\",\"url\":\"https:\\\/\\\/ideel.ch\\\/\",\"name\":\"Id\u00e9el AG\",\"description\":\"\",\"publisher\":{\"@id\":\"https:\\\/\\\/ideel.ch\\\/#organization\"},\"potentialAction\":[{\"@type\":\"SearchAction\",\"target\":{\"@type\":\"EntryPoint\",\"urlTemplate\":\"https:\\\/\\\/ideel.ch\\\/?s={search_term_string}\"},\"query-input\":{\"@type\":\"PropertyValueSpecification\",\"valueRequired\":true,\"valueName\":\"search_term_string\"}}],\"inLanguage\":\"fr-FR\"},{\"@type\":\"Organization\",\"@id\":\"https:\\\/\\\/ideel.ch\\\/#organization\",\"name\":\"Id\u00e9el Ag\",\"url\":\"https:\\\/\\\/ideel.ch\\\/\",\"logo\":{\"@type\":\"ImageObject\",\"inLanguage\":\"fr-FR\",\"@id\":\"https:\\\/\\\/ideel.ch\\\/#\\\/schema\\\/logo\\\/image\\\/\",\"url\":\"https:\\\/\\\/ideel.ch\\\/wp-content\\\/uploads\\\/2022\\\/06\\\/Logo_Ide\u0301el_schwarz.png\",\"contentUrl\":\"https:\\\/\\\/ideel.ch\\\/wp-content\\\/uploads\\\/2022\\\/06\\\/Logo_Ide\u0301el_schwarz.png\",\"width\":2156,\"height\":1299,\"caption\":\"Id\u00e9el Ag\"},\"image\":{\"@id\":\"https:\\\/\\\/ideel.ch\\\/#\\\/schema\\\/logo\\\/image\\\/\"}}]}<\/script>\n<!-- \/ Yoast SEO plugin. -->","yoast_head_json":{"title":"Impressum - Id\u00e9el AG","robots":{"index":"index","follow":"follow","max-snippet":"max-snippet:-1","max-image-preview":"max-image-preview:large","max-video-preview":"max-video-preview:-1"},"canonical":"https:\/\/ideel.ch\/fr\/impressum\/","og_locale":"fr_FR","og_type":"article","og_title":"Impressum - Id\u00e9el AG","og_description":"Impressum KontaktadresseId\u00e9el AGGrundstrasse 16a8712 St\u00e4faSchweiz info@ideel.ch HaftungsausschlussDer Autor \u00fcbernimmt keinerlei Gew\u00e4hr hinsichtlich der inhaltlichen Richtigkeit, Genauigkeit, Aktualit\u00e4t, Zuverl\u00e4ssigkeit und Vollst\u00e4ndigkeit der Informationen. Haftungsanspr\u00fcche gegen den Autor wegen Sch\u00e4den materieller oder immaterieller Art, welche aus dem Zugriff oder der Nutzung bzw. Nichtnutzung der ver\u00f6ffentlichten Informationen, durch Missbrauch der Verbindung oder durch technische St\u00f6rungen entstanden sind, werden [&hellip;]","og_url":"https:\/\/ideel.ch\/fr\/impressum\/","og_site_name":"Id\u00e9el AG","article_modified_time":"2023-04-05T08:55:57+00:00","twitter_card":"summary_large_image","twitter_misc":{"Dur\u00e9e de lecture estim\u00e9e":"1 minute"},"schema":{"@context":"https:\/\/schema.org","@graph":[{"@type":"WebPage","@id":"https:\/\/ideel.ch\/impressum\/","url":"https:\/\/ideel.ch\/impressum\/","name":"Impressum - Id\u00e9el AG","isPartOf":{"@id":"https:\/\/ideel.ch\/#website"},"datePublished":"2021-08-21T15:57:15+00:00","dateModified":"2023-04-05T08:55:57+00:00","breadcrumb":{"@id":"https:\/\/ideel.ch\/impressum\/#breadcrumb"},"inLanguage":"fr-FR","potentialAction":[{"@type":"ReadAction","target":["https:\/\/ideel.ch\/impressum\/"]}]},{"@type":"BreadcrumbList","@id":"https:\/\/ideel.ch\/impressum\/#breadcrumb","itemListElement":[{"@type":"ListItem","position":1,"name":"Startseite","item":"https:\/\/ideel.ch\/"},{"@type":"ListItem","position":2,"name":"Impressum"}]},{"@type":"WebSite","@id":"https:\/\/ideel.ch\/#website","url":"https:\/\/ideel.ch\/","name":"Id\u00e9el AG","description":"","publisher":{"@id":"https:\/\/ideel.ch\/#organization"},"potentialAction":[{"@type":"SearchAction","target":{"@type":"EntryPoint","urlTemplate":"https:\/\/ideel.ch\/?s={search_term_string}"},"query-input":{"@type":"PropertyValueSpecification","valueRequired":true,"valueName":"search_term_string"}}],"inLanguage":"fr-FR"},{"@type":"Organization","@id":"https:\/\/ideel.ch\/#organization","name":"Id\u00e9el Ag","url":"https:\/\/ideel.ch\/","logo":{"@type":"ImageObject","inLanguage":"fr-FR","@id":"https:\/\/ideel.ch\/#\/schema\/logo\/image\/","url":"https:\/\/ideel.ch\/wp-content\/uploads\/2022\/06\/Logo_Ide\u0301el_schwarz.png","contentUrl":"https:\/\/ideel.ch\/wp-content\/uploads\/2022\/06\/Logo_Ide\u0301el_schwarz.png","width":2156,"height":1299,"caption":"Id\u00e9el Ag"},"image":{"@id":"https:\/\/ideel.ch\/#\/schema\/logo\/image\/"}}]}},"_links":{"self":[{"href":"https:\/\/ideel.ch\/fr\/wp-json\/wp\/v2\/pages\/64","targetHints":{"allow":["GET"]}}],"collection":[{"href":"https:\/\/ideel.ch\/fr\/wp-json\/wp\/v2\/pages"}],"about":[{"href":"https:\/\/ideel.ch\/fr\/wp-json\/wp\/v2\/types\/page"}],"author":[{"embeddable":true,"href":"https:\/\/ideel.ch\/fr\/wp-json\/wp\/v2\/users\/1"}],"replies":[{"embeddable":true,"href":"https:\/\/ideel.ch\/fr\/wp-json\/wp\/v2\/comments?post=64"}],"version-history":[{"count":14,"href":"https:\/\/ideel.ch\/fr\/wp-json\/wp\/v2\/pages\/64\/revisions"}],"predecessor-version":[{"id":5694,"href":"https:\/\/ideel.ch\/fr\/wp-json\/wp\/v2\/pages\/64\/revisions\/5694"}],"wp:attachment":[{"href":"https:\/\/ideel.ch\/fr\/wp-json\/wp\/v2\/media?parent=64"}],"curies":[{"name":"wp","href":"https:\/\/api.w.org\/{rel}","templated":true}]}}