{"id":906,"date":"2022-06-17T16:14:12","date_gmt":"2022-06-17T15:14:12","guid":{"rendered":"https:\/\/ideel.nicolasgrimm.ch\/?page_id=906"},"modified":"2023-05-09T18:24:13","modified_gmt":"2023-05-09T17:24:13","slug":"who-we-are","status":"publish","type":"page","link":"https:\/\/ideel.ch\/fr\/who-we-are\/","title":{"rendered":"qui sommes-nous"},"content":{"rendered":"<div data-elementor-type=\"wp-page\" data-elementor-id=\"906\" class=\"elementor elementor-906\" data-elementor-post-type=\"page\">\n\t\t\t\t\t\t<section class=\"elementor-section elementor-top-section elementor-element elementor-element-8c650d8 elementor-section-height-min-height elementor-section-boxed elementor-section-height-default elementor-section-items-middle\" data-id=\"8c650d8\" data-element_type=\"section\" data-e-type=\"section\" data-settings=\"{&quot;background_background&quot;:&quot;video&quot;,&quot;background_video_link&quot;:&quot;https:\\\/\\\/ideel.ch\\\/wp-content\\\/uploads\\\/2022\\\/07\\\/ideel_peop.mp4&quot;,&quot;background_play_on_mobile&quot;:&quot;yes&quot;}\">\n\t\t\t\t\t\t\t\t<div class=\"elementor-background-video-container\">\n\t\t\t\t\t\t\t\t\t\t\t\t\t<video class=\"elementor-background-video-hosted\" role=\"presentation\" autoplay muted playsinline loop><\/video>\n\t\t\t\t\t\t\t\t\t\t\t<\/div>\n\t\t\t\t\t\t\t\t\t<div class=\"elementor-background-overlay\"><\/div>\n\t\t\t\t\t\t\t<div class=\"elementor-container elementor-column-gap-default\">\n\t\t\t\t\t<div class=\"elementor-column elementor-col-100 elementor-top-column elementor-element elementor-element-2e87ad6\" data-id=\"2e87ad6\" data-element_type=\"column\" data-e-type=\"column\">\n\t\t\t<div class=\"elementor-widget-wrap elementor-element-populated\">\n\t\t\t\t\t\t<div class=\"elementor-element elementor-element-46721f5 elementor-widget__width-inherit elementor-widget elementor-widget-heading\" data-id=\"46721f5\" data-element_type=\"widget\" data-e-type=\"widget\" data-widget_type=\"heading.default\">\n\t\t\t\t<div class=\"elementor-widget-container\">\n\t\t\t\t\t<h1 class=\"elementor-heading-title elementor-size-default\">Qui sommes-nous ?<\/h1>\t\t\t\t<\/div>\n\t\t\t\t<\/div>\n\t\t\t\t\t<\/div>\n\t\t<\/div>\n\t\t\t\t\t<\/div>\n\t\t<\/section>\n\t\t\t\t<section class=\"elementor-section elementor-top-section elementor-element elementor-element-763bb04 elementor-section-boxed elementor-section-height-default elementor-section-height-default\" data-id=\"763bb04\" data-element_type=\"section\" data-e-type=\"section\" data-settings=\"{&quot;background_background&quot;:&quot;classic&quot;}\">\n\t\t\t\t\t\t<div class=\"elementor-container elementor-column-gap-default\">\n\t\t\t\t\t<div class=\"elementor-column elementor-col-100 elementor-top-column elementor-element elementor-element-365dc7f animated-fast elementor-invisible\" data-id=\"365dc7f\" data-element_type=\"column\" data-e-type=\"column\" data-settings=\"{&quot;animation&quot;:&quot;fadeInRight&quot;}\">\n\t\t\t<div class=\"elementor-widget-wrap elementor-element-populated\">\n\t\t\t\t\t\t<div class=\"elementor-element elementor-element-778ec46 elementor-widget elementor-widget-heading\" data-id=\"778ec46\" data-element_type=\"widget\" data-e-type=\"widget\" data-widget_type=\"heading.default\">\n\t\t\t\t<div class=\"elementor-widget-container\">\n\t\t\t\t\t<h2 class=\"elementor-heading-title elementor-size-default\">DANS LA TECHNIQUE PUBLICITAIRE, NOUS UTILISONS DEPUIS\n2003 B\u00c2TONS DE MASSE<\/h2>\t\t\t\t<\/div>\n\t\t\t\t<\/div>\n\t\t\t\t<div class=\"elementor-element elementor-element-08b7f2e elementor-widget elementor-widget-heading\" data-id=\"08b7f2e\" data-element_type=\"widget\" data-e-type=\"widget\" data-widget_type=\"heading.default\">\n\t\t\t\t<div class=\"elementor-widget-container\">\n\t\t\t\t\t<span class=\"elementor-heading-title elementor-size-default\">\"L'individu peut \u00eatre d\u00e9cisif\n\u00eatre d\u00e9terminant pour le succ\u00e8s d'une \u00e9quipe,\nmais il reste toujours une partie de l'\u00e9quipe\".<\/span>\t\t\t\t<\/div>\n\t\t\t\t<\/div>\n\t\t\t\t<div class=\"elementor-element elementor-element-3f88796 elementor-widget-divider--view-line elementor-widget elementor-widget-divider\" data-id=\"3f88796\" data-element_type=\"widget\" data-e-type=\"widget\" data-widget_type=\"divider.default\">\n\t\t\t\t<div class=\"elementor-widget-container\">\n\t\t\t\t\t\t\t<div class=\"elementor-divider\">\n\t\t\t<span class=\"elementor-divider-separator\">\n\t\t\t\t\t\t<\/span>\n\t\t<\/div>\n\t\t\t\t\t\t<\/div>\n\t\t\t\t<\/div>\n\t\t\t\t<div class=\"elementor-element elementor-element-54d73d7 elementor-widget elementor-widget-text-editor\" data-id=\"54d73d7\" data-element_type=\"widget\" data-e-type=\"widget\" data-widget_type=\"text-editor.default\">\n\t\t\t\t<div class=\"elementor-widget-container\">\n\t\t\t\t\t\t\t\t\t<p>Nous sommes fiers de nos collaborateurs qui nous accompagnent depuis de nombreuses ann\u00e9es. Nos travaux et nos produits sont le fruit de beaucoup de cr\u00e9ativit\u00e9, d'innovation et de professionnalisme.\u00a0<\/p><p>Notre exigence est l'efficacit\u00e9 : nous voulons que les r\u00e9sultats soient \u00e0 la hauteur de vos attentes. C'est pourquoi, chez nous, les voies de communication sont aussi courtes que les prestations sont vari\u00e9es.<\/p>\t\t\t\t\t\t\t\t<\/div>\n\t\t\t\t<\/div>\n\t\t\t\t\t<\/div>\n\t\t<\/div>\n\t\t\t\t\t<\/div>\n\t\t<\/section>\n\t\t\t\t<\/div>","protected":false},"excerpt":{"rendered":"<p>Who We Are IN DER WERBETECHNIK SETZEN WIR SEIT 2003 MASST\u00c4BE \u201eDer Einzelne kann entscheidend f\u00fcr den Erfolg eines Teams sein, aber er bleibt immer Teil des Teams.\u201c Wir sind Stolz auf unsere Mitarbeiter welche uns seit vielen Jahren begleiten. In unseren Arbeiten und Produkten steckt viel Kreativit\u00e4t, Innovation und Professionalit\u00e4t.\u00a0 Unser Anspruch ist Effektivit\u00e4t: [&hellip;]<\/p>\n","protected":false},"author":1,"featured_media":0,"parent":0,"menu_order":0,"comment_status":"closed","ping_status":"closed","template":"","meta":{"footnotes":""},"class_list":["post-906","page","type-page","status-publish","hentry"],"yoast_head":"<!-- This site is optimized with the Yoast SEO plugin v27.4 - https:\/\/yoast.com\/product\/yoast-seo-wordpress\/ -->\n<title>who we are - Id\u00e9el AG<\/title>\n<meta name=\"robots\" content=\"index, follow, max-snippet:-1, max-image-preview:large, max-video-preview:-1\" \/>\n<link rel=\"canonical\" href=\"https:\/\/ideel.ch\/fr\/who-we-are\/\" \/>\n<meta property=\"og:locale\" content=\"fr_FR\" \/>\n<meta property=\"og:type\" content=\"article\" \/>\n<meta property=\"og:title\" content=\"who we are - Id\u00e9el AG\" \/>\n<meta property=\"og:description\" content=\"Who We Are IN DER WERBETECHNIK SETZEN WIR SEIT 2003 MASST\u00c4BE \u201eDer Einzelne kann entscheidend f\u00fcr den Erfolg eines Teams sein, aber er bleibt immer Teil des Teams.\u201c Wir sind Stolz auf unsere Mitarbeiter welche uns seit vielen Jahren begleiten. In unseren Arbeiten und Produkten steckt viel Kreativit\u00e4t, Innovation und Professionalit\u00e4t.\u00a0 Unser Anspruch ist Effektivit\u00e4t: [&hellip;]\" \/>\n<meta property=\"og:url\" content=\"https:\/\/ideel.ch\/fr\/who-we-are\/\" \/>\n<meta property=\"og:site_name\" content=\"Id\u00e9el AG\" \/>\n<meta property=\"article:modified_time\" content=\"2023-05-09T17:24:13+00:00\" \/>\n<meta name=\"twitter:card\" content=\"summary_large_image\" \/>\n<meta name=\"twitter:label1\" content=\"Dur\u00e9e de lecture estim\u00e9e\" \/>\n\t<meta name=\"twitter:data1\" content=\"2 minutes\" \/>\n<script type=\"application\/ld+json\" class=\"yoast-schema-graph\">{\"@context\":\"https:\\\/\\\/schema.org\",\"@graph\":[{\"@type\":\"WebPage\",\"@id\":\"https:\\\/\\\/ideel.ch\\\/who-we-are\\\/\",\"url\":\"https:\\\/\\\/ideel.ch\\\/who-we-are\\\/\",\"name\":\"who we are - Id\u00e9el AG\",\"isPartOf\":{\"@id\":\"https:\\\/\\\/ideel.ch\\\/#website\"},\"datePublished\":\"2022-06-17T15:14:12+00:00\",\"dateModified\":\"2023-05-09T17:24:13+00:00\",\"breadcrumb\":{\"@id\":\"https:\\\/\\\/ideel.ch\\\/who-we-are\\\/#breadcrumb\"},\"inLanguage\":\"fr-FR\",\"potentialAction\":[{\"@type\":\"ReadAction\",\"target\":[\"https:\\\/\\\/ideel.ch\\\/who-we-are\\\/\"]}]},{\"@type\":\"BreadcrumbList\",\"@id\":\"https:\\\/\\\/ideel.ch\\\/who-we-are\\\/#breadcrumb\",\"itemListElement\":[{\"@type\":\"ListItem\",\"position\":1,\"name\":\"Startseite\",\"item\":\"https:\\\/\\\/ideel.ch\\\/\"},{\"@type\":\"ListItem\",\"position\":2,\"name\":\"who we are\"}]},{\"@type\":\"WebSite\",\"@id\":\"https:\\\/\\\/ideel.ch\\\/#website\",\"url\":\"https:\\\/\\\/ideel.ch\\\/\",\"name\":\"Id\u00e9el AG\",\"description\":\"\",\"publisher\":{\"@id\":\"https:\\\/\\\/ideel.ch\\\/#organization\"},\"potentialAction\":[{\"@type\":\"SearchAction\",\"target\":{\"@type\":\"EntryPoint\",\"urlTemplate\":\"https:\\\/\\\/ideel.ch\\\/?s={search_term_string}\"},\"query-input\":{\"@type\":\"PropertyValueSpecification\",\"valueRequired\":true,\"valueName\":\"search_term_string\"}}],\"inLanguage\":\"fr-FR\"},{\"@type\":\"Organization\",\"@id\":\"https:\\\/\\\/ideel.ch\\\/#organization\",\"name\":\"Id\u00e9el Ag\",\"url\":\"https:\\\/\\\/ideel.ch\\\/\",\"logo\":{\"@type\":\"ImageObject\",\"inLanguage\":\"fr-FR\",\"@id\":\"https:\\\/\\\/ideel.ch\\\/#\\\/schema\\\/logo\\\/image\\\/\",\"url\":\"https:\\\/\\\/ideel.ch\\\/wp-content\\\/uploads\\\/2022\\\/06\\\/Logo_Ide\u0301el_schwarz.png\",\"contentUrl\":\"https:\\\/\\\/ideel.ch\\\/wp-content\\\/uploads\\\/2022\\\/06\\\/Logo_Ide\u0301el_schwarz.png\",\"width\":2156,\"height\":1299,\"caption\":\"Id\u00e9el Ag\"},\"image\":{\"@id\":\"https:\\\/\\\/ideel.ch\\\/#\\\/schema\\\/logo\\\/image\\\/\"}}]}<\/script>\n<!-- \/ Yoast SEO plugin. -->","yoast_head_json":{"title":"who we are - Id\u00e9el AG","robots":{"index":"index","follow":"follow","max-snippet":"max-snippet:-1","max-image-preview":"max-image-preview:large","max-video-preview":"max-video-preview:-1"},"canonical":"https:\/\/ideel.ch\/fr\/who-we-are\/","og_locale":"fr_FR","og_type":"article","og_title":"who we are - Id\u00e9el AG","og_description":"Who We Are IN DER WERBETECHNIK SETZEN WIR SEIT 2003 MASST\u00c4BE \u201eDer Einzelne kann entscheidend f\u00fcr den Erfolg eines Teams sein, aber er bleibt immer Teil des Teams.\u201c Wir sind Stolz auf unsere Mitarbeiter welche uns seit vielen Jahren begleiten. In unseren Arbeiten und Produkten steckt viel Kreativit\u00e4t, Innovation und Professionalit\u00e4t.\u00a0 Unser Anspruch ist Effektivit\u00e4t: [&hellip;]","og_url":"https:\/\/ideel.ch\/fr\/who-we-are\/","og_site_name":"Id\u00e9el AG","article_modified_time":"2023-05-09T17:24:13+00:00","twitter_card":"summary_large_image","twitter_misc":{"Dur\u00e9e de lecture estim\u00e9e":"2 minutes"},"schema":{"@context":"https:\/\/schema.org","@graph":[{"@type":"WebPage","@id":"https:\/\/ideel.ch\/who-we-are\/","url":"https:\/\/ideel.ch\/who-we-are\/","name":"who we are - Id\u00e9el AG","isPartOf":{"@id":"https:\/\/ideel.ch\/#website"},"datePublished":"2022-06-17T15:14:12+00:00","dateModified":"2023-05-09T17:24:13+00:00","breadcrumb":{"@id":"https:\/\/ideel.ch\/who-we-are\/#breadcrumb"},"inLanguage":"fr-FR","potentialAction":[{"@type":"ReadAction","target":["https:\/\/ideel.ch\/who-we-are\/"]}]},{"@type":"BreadcrumbList","@id":"https:\/\/ideel.ch\/who-we-are\/#breadcrumb","itemListElement":[{"@type":"ListItem","position":1,"name":"Startseite","item":"https:\/\/ideel.ch\/"},{"@type":"ListItem","position":2,"name":"who we are"}]},{"@type":"WebSite","@id":"https:\/\/ideel.ch\/#website","url":"https:\/\/ideel.ch\/","name":"Id\u00e9el AG","description":"","publisher":{"@id":"https:\/\/ideel.ch\/#organization"},"potentialAction":[{"@type":"SearchAction","target":{"@type":"EntryPoint","urlTemplate":"https:\/\/ideel.ch\/?s={search_term_string}"},"query-input":{"@type":"PropertyValueSpecification","valueRequired":true,"valueName":"search_term_string"}}],"inLanguage":"fr-FR"},{"@type":"Organization","@id":"https:\/\/ideel.ch\/#organization","name":"Id\u00e9el Ag","url":"https:\/\/ideel.ch\/","logo":{"@type":"ImageObject","inLanguage":"fr-FR","@id":"https:\/\/ideel.ch\/#\/schema\/logo\/image\/","url":"https:\/\/ideel.ch\/wp-content\/uploads\/2022\/06\/Logo_Ide\u0301el_schwarz.png","contentUrl":"https:\/\/ideel.ch\/wp-content\/uploads\/2022\/06\/Logo_Ide\u0301el_schwarz.png","width":2156,"height":1299,"caption":"Id\u00e9el Ag"},"image":{"@id":"https:\/\/ideel.ch\/#\/schema\/logo\/image\/"}}]}},"_links":{"self":[{"href":"https:\/\/ideel.ch\/fr\/wp-json\/wp\/v2\/pages\/906","targetHints":{"allow":["GET"]}}],"collection":[{"href":"https:\/\/ideel.ch\/fr\/wp-json\/wp\/v2\/pages"}],"about":[{"href":"https:\/\/ideel.ch\/fr\/wp-json\/wp\/v2\/types\/page"}],"author":[{"embeddable":true,"href":"https:\/\/ideel.ch\/fr\/wp-json\/wp\/v2\/users\/1"}],"replies":[{"embeddable":true,"href":"https:\/\/ideel.ch\/fr\/wp-json\/wp\/v2\/comments?post=906"}],"version-history":[{"count":20,"href":"https:\/\/ideel.ch\/fr\/wp-json\/wp\/v2\/pages\/906\/revisions"}],"predecessor-version":[{"id":5810,"href":"https:\/\/ideel.ch\/fr\/wp-json\/wp\/v2\/pages\/906\/revisions\/5810"}],"wp:attachment":[{"href":"https:\/\/ideel.ch\/fr\/wp-json\/wp\/v2\/media?parent=906"}],"curies":[{"name":"wp","href":"https:\/\/api.w.org\/{rel}","templated":true}]}}