{"id":2092,"date":"2022-07-30T12:57:01","date_gmt":"2022-07-30T11:57:01","guid":{"rendered":"https:\/\/ideel.nicolasgrimm.ch\/?post_type=product&#038;p=2092"},"modified":"2023-06-02T14:09:12","modified_gmt":"2023-06-02T13:09:12","slug":"vw-golf-r360s-sondermodell-komplette-linke-seite-carbon-fibre","status":"publish","type":"product","link":"https:\/\/ideel.ch\/fr\/produit\/vw-golf-r360s-sondermodell-komplette-linke-seite-carbon-fibre\/","title":{"rendered":"VW Golf R360S mod\u00e8le sp\u00e9cial C\u00f4t\u00e9 gauche complet Fibre de carbone"},"content":{"rendered":"","protected":false},"excerpt":{"rendered":"<p class=\"p1\">mat\u00e9riel :<br \/>\nFilm coul\u00e9 haute performance premium<\/p>\n<p class=\"p1\">Set de films assembl\u00e9s sur<br \/>\nApplication-Tape lamin\u00e9 avec d\u00e9coupe des contours<\/p>\n<p>Information :<br \/>\nLes marquages de v\u00e9hicules sont produits sur commande, c'est pourquoi nous avons besoin de 2 \u00e0 4 jours pour commander le mat\u00e9riel (certains films doivent \u00eatre import\u00e9s).<\/p>","protected":false},"featured_media":2096,"comment_status":"closed","ping_status":"closed","template":"","meta":[],"product_brand":[],"product_cat":[59],"product_tag":[],"class_list":{"0":"post-2092","1":"product","2":"type-product","3":"status-publish","4":"has-post-thumbnail","6":"product_cat-vw-golf-r360s-sondermodell","8":"first","9":"instock","10":"taxable","11":"shipping-taxable","12":"purchasable","13":"product-type-simple"},"yoast_head":"<!-- This site is optimized with the Yoast SEO plugin v27.4 - https:\/\/yoast.com\/product\/yoast-seo-wordpress\/ -->\n<title>VW Golf R360S Sondermodell Komplette linke Seite Carbon Fibre - Id\u00e9el AG<\/title>\n<meta name=\"robots\" content=\"index, follow, max-snippet:-1, max-image-preview:large, max-video-preview:-1\" \/>\n<link rel=\"canonical\" href=\"https:\/\/ideel.ch\/fr\/produit\/vw-golf-r360s-sondermodell-komplette-linke-seite-carbon-fibre\/\" \/>\n<meta property=\"og:locale\" content=\"fr_FR\" \/>\n<meta property=\"og:type\" content=\"article\" \/>\n<meta property=\"og:title\" content=\"VW Golf R360S Sondermodell Komplette linke Seite Carbon Fibre - Id\u00e9el AG\" \/>\n<meta property=\"og:description\" content=\"Material: Gegossene Premium-Hochleistungsfolie Zusammenmontierte Folien-Set\u2019s auf Application-Tape laminiert mit Konturschnitt Information: Die Fahrzeugbeschriftungen werden auf Bestellung produziert, wir ben\u00f6tigen darum\u00a0 2-4 Tage f\u00fcr die Materialbestellung (teilweise m\u00fcssen Folien importiert werden).\" \/>\n<meta property=\"og:url\" content=\"https:\/\/ideel.ch\/fr\/produit\/vw-golf-r360s-sondermodell-komplette-linke-seite-carbon-fibre\/\" \/>\n<meta property=\"og:site_name\" content=\"Id\u00e9el AG\" \/>\n<meta property=\"article:modified_time\" content=\"2023-06-02T13:09:12+00:00\" \/>\n<meta property=\"og:image\" content=\"https:\/\/ideel.ch\/wp-content\/uploads\/2022\/07\/1_600x600-1-600x600_linke-Seite-600x600-2.jpeg\" \/>\n\t<meta property=\"og:image:width\" content=\"600\" \/>\n\t<meta property=\"og:image:height\" content=\"600\" \/>\n\t<meta property=\"og:image:type\" content=\"image\/jpeg\" \/>\n<meta name=\"twitter:card\" content=\"summary_large_image\" \/>\n<script type=\"application\/ld+json\" class=\"yoast-schema-graph\">{\"@context\":\"https:\\\/\\\/schema.org\",\"@graph\":[{\"@type\":\"WebPage\",\"@id\":\"https:\\\/\\\/ideel.ch\\\/produkt\\\/vw-golf-r360s-sondermodell-komplette-linke-seite-carbon-fibre\\\/\",\"url\":\"https:\\\/\\\/ideel.ch\\\/produkt\\\/vw-golf-r360s-sondermodell-komplette-linke-seite-carbon-fibre\\\/\",\"name\":\"VW Golf R360S Sondermodell Komplette linke Seite Carbon Fibre - Id\u00e9el AG\",\"isPartOf\":{\"@id\":\"https:\\\/\\\/ideel.ch\\\/#website\"},\"primaryImageOfPage\":{\"@id\":\"https:\\\/\\\/ideel.ch\\\/produkt\\\/vw-golf-r360s-sondermodell-komplette-linke-seite-carbon-fibre\\\/#primaryimage\"},\"image\":{\"@id\":\"https:\\\/\\\/ideel.ch\\\/produkt\\\/vw-golf-r360s-sondermodell-komplette-linke-seite-carbon-fibre\\\/#primaryimage\"},\"thumbnailUrl\":\"https:\\\/\\\/ideel.ch\\\/wp-content\\\/uploads\\\/2022\\\/07\\\/1_600x600-1-600x600_linke-Seite-600x600-2.jpeg\",\"datePublished\":\"2022-07-30T11:57:01+00:00\",\"dateModified\":\"2023-06-02T13:09:12+00:00\",\"breadcrumb\":{\"@id\":\"https:\\\/\\\/ideel.ch\\\/produkt\\\/vw-golf-r360s-sondermodell-komplette-linke-seite-carbon-fibre\\\/#breadcrumb\"},\"inLanguage\":\"fr-FR\",\"potentialAction\":[{\"@type\":\"ReadAction\",\"target\":[\"https:\\\/\\\/ideel.ch\\\/produkt\\\/vw-golf-r360s-sondermodell-komplette-linke-seite-carbon-fibre\\\/\"]}]},{\"@type\":\"ImageObject\",\"inLanguage\":\"fr-FR\",\"@id\":\"https:\\\/\\\/ideel.ch\\\/produkt\\\/vw-golf-r360s-sondermodell-komplette-linke-seite-carbon-fibre\\\/#primaryimage\",\"url\":\"https:\\\/\\\/ideel.ch\\\/wp-content\\\/uploads\\\/2022\\\/07\\\/1_600x600-1-600x600_linke-Seite-600x600-2.jpeg\",\"contentUrl\":\"https:\\\/\\\/ideel.ch\\\/wp-content\\\/uploads\\\/2022\\\/07\\\/1_600x600-1-600x600_linke-Seite-600x600-2.jpeg\",\"width\":600,\"height\":600},{\"@type\":\"BreadcrumbList\",\"@id\":\"https:\\\/\\\/ideel.ch\\\/produkt\\\/vw-golf-r360s-sondermodell-komplette-linke-seite-carbon-fibre\\\/#breadcrumb\",\"itemListElement\":[{\"@type\":\"ListItem\",\"position\":1,\"name\":\"Startseite\",\"item\":\"https:\\\/\\\/ideel.ch\\\/\"},{\"@type\":\"ListItem\",\"position\":2,\"name\":\"Shop\",\"item\":\"https:\\\/\\\/ideel.ch\\\/shop\\\/\"},{\"@type\":\"ListItem\",\"position\":3,\"name\":\"VW Golf R360S Sondermodell Komplette linke Seite Carbon Fibre\"}]},{\"@type\":\"WebSite\",\"@id\":\"https:\\\/\\\/ideel.ch\\\/#website\",\"url\":\"https:\\\/\\\/ideel.ch\\\/\",\"name\":\"Id\u00e9el AG\",\"description\":\"\",\"publisher\":{\"@id\":\"https:\\\/\\\/ideel.ch\\\/#organization\"},\"potentialAction\":[{\"@type\":\"SearchAction\",\"target\":{\"@type\":\"EntryPoint\",\"urlTemplate\":\"https:\\\/\\\/ideel.ch\\\/?s={search_term_string}\"},\"query-input\":{\"@type\":\"PropertyValueSpecification\",\"valueRequired\":true,\"valueName\":\"search_term_string\"}}],\"inLanguage\":\"fr-FR\"},{\"@type\":\"Organization\",\"@id\":\"https:\\\/\\\/ideel.ch\\\/#organization\",\"name\":\"Id\u00e9el Ag\",\"url\":\"https:\\\/\\\/ideel.ch\\\/\",\"logo\":{\"@type\":\"ImageObject\",\"inLanguage\":\"fr-FR\",\"@id\":\"https:\\\/\\\/ideel.ch\\\/#\\\/schema\\\/logo\\\/image\\\/\",\"url\":\"https:\\\/\\\/ideel.ch\\\/wp-content\\\/uploads\\\/2022\\\/06\\\/Logo_Ide\u0301el_schwarz.png\",\"contentUrl\":\"https:\\\/\\\/ideel.ch\\\/wp-content\\\/uploads\\\/2022\\\/06\\\/Logo_Ide\u0301el_schwarz.png\",\"width\":2156,\"height\":1299,\"caption\":\"Id\u00e9el Ag\"},\"image\":{\"@id\":\"https:\\\/\\\/ideel.ch\\\/#\\\/schema\\\/logo\\\/image\\\/\"}}]}<\/script>\n<!-- \/ Yoast SEO plugin. -->","yoast_head_json":{"title":"VW Golf R360S Sondermodell Komplette linke Seite Carbon Fibre - Id\u00e9el AG","robots":{"index":"index","follow":"follow","max-snippet":"max-snippet:-1","max-image-preview":"max-image-preview:large","max-video-preview":"max-video-preview:-1"},"canonical":"https:\/\/ideel.ch\/fr\/produit\/vw-golf-r360s-sondermodell-komplette-linke-seite-carbon-fibre\/","og_locale":"fr_FR","og_type":"article","og_title":"VW Golf R360S Sondermodell Komplette linke Seite Carbon Fibre - Id\u00e9el AG","og_description":"Material: Gegossene Premium-Hochleistungsfolie Zusammenmontierte Folien-Set\u2019s auf Application-Tape laminiert mit Konturschnitt Information: Die Fahrzeugbeschriftungen werden auf Bestellung produziert, wir ben\u00f6tigen darum\u00a0 2-4 Tage f\u00fcr die Materialbestellung (teilweise m\u00fcssen Folien importiert werden).","og_url":"https:\/\/ideel.ch\/fr\/produit\/vw-golf-r360s-sondermodell-komplette-linke-seite-carbon-fibre\/","og_site_name":"Id\u00e9el AG","article_modified_time":"2023-06-02T13:09:12+00:00","og_image":[{"width":600,"height":600,"url":"https:\/\/ideel.ch\/wp-content\/uploads\/2022\/07\/1_600x600-1-600x600_linke-Seite-600x600-2.jpeg","type":"image\/jpeg"}],"twitter_card":"summary_large_image","schema":{"@context":"https:\/\/schema.org","@graph":[{"@type":"WebPage","@id":"https:\/\/ideel.ch\/produkt\/vw-golf-r360s-sondermodell-komplette-linke-seite-carbon-fibre\/","url":"https:\/\/ideel.ch\/produkt\/vw-golf-r360s-sondermodell-komplette-linke-seite-carbon-fibre\/","name":"VW Golf R360S Sondermodell Komplette linke Seite Carbon Fibre - Id\u00e9el AG","isPartOf":{"@id":"https:\/\/ideel.ch\/#website"},"primaryImageOfPage":{"@id":"https:\/\/ideel.ch\/produkt\/vw-golf-r360s-sondermodell-komplette-linke-seite-carbon-fibre\/#primaryimage"},"image":{"@id":"https:\/\/ideel.ch\/produkt\/vw-golf-r360s-sondermodell-komplette-linke-seite-carbon-fibre\/#primaryimage"},"thumbnailUrl":"https:\/\/ideel.ch\/wp-content\/uploads\/2022\/07\/1_600x600-1-600x600_linke-Seite-600x600-2.jpeg","datePublished":"2022-07-30T11:57:01+00:00","dateModified":"2023-06-02T13:09:12+00:00","breadcrumb":{"@id":"https:\/\/ideel.ch\/produkt\/vw-golf-r360s-sondermodell-komplette-linke-seite-carbon-fibre\/#breadcrumb"},"inLanguage":"fr-FR","potentialAction":[{"@type":"ReadAction","target":["https:\/\/ideel.ch\/produkt\/vw-golf-r360s-sondermodell-komplette-linke-seite-carbon-fibre\/"]}]},{"@type":"ImageObject","inLanguage":"fr-FR","@id":"https:\/\/ideel.ch\/produkt\/vw-golf-r360s-sondermodell-komplette-linke-seite-carbon-fibre\/#primaryimage","url":"https:\/\/ideel.ch\/wp-content\/uploads\/2022\/07\/1_600x600-1-600x600_linke-Seite-600x600-2.jpeg","contentUrl":"https:\/\/ideel.ch\/wp-content\/uploads\/2022\/07\/1_600x600-1-600x600_linke-Seite-600x600-2.jpeg","width":600,"height":600},{"@type":"BreadcrumbList","@id":"https:\/\/ideel.ch\/produkt\/vw-golf-r360s-sondermodell-komplette-linke-seite-carbon-fibre\/#breadcrumb","itemListElement":[{"@type":"ListItem","position":1,"name":"Startseite","item":"https:\/\/ideel.ch\/"},{"@type":"ListItem","position":2,"name":"Shop","item":"https:\/\/ideel.ch\/shop\/"},{"@type":"ListItem","position":3,"name":"VW Golf R360S Sondermodell Komplette linke Seite Carbon Fibre"}]},{"@type":"WebSite","@id":"https:\/\/ideel.ch\/#website","url":"https:\/\/ideel.ch\/","name":"Id\u00e9el AG","description":"","publisher":{"@id":"https:\/\/ideel.ch\/#organization"},"potentialAction":[{"@type":"SearchAction","target":{"@type":"EntryPoint","urlTemplate":"https:\/\/ideel.ch\/?s={search_term_string}"},"query-input":{"@type":"PropertyValueSpecification","valueRequired":true,"valueName":"search_term_string"}}],"inLanguage":"fr-FR"},{"@type":"Organization","@id":"https:\/\/ideel.ch\/#organization","name":"Id\u00e9el Ag","url":"https:\/\/ideel.ch\/","logo":{"@type":"ImageObject","inLanguage":"fr-FR","@id":"https:\/\/ideel.ch\/#\/schema\/logo\/image\/","url":"https:\/\/ideel.ch\/wp-content\/uploads\/2022\/06\/Logo_Ide\u0301el_schwarz.png","contentUrl":"https:\/\/ideel.ch\/wp-content\/uploads\/2022\/06\/Logo_Ide\u0301el_schwarz.png","width":2156,"height":1299,"caption":"Id\u00e9el Ag"},"image":{"@id":"https:\/\/ideel.ch\/#\/schema\/logo\/image\/"}}]}},"_links":{"self":[{"href":"https:\/\/ideel.ch\/fr\/wp-json\/wp\/v2\/product\/2092","targetHints":{"allow":["GET"]}}],"collection":[{"href":"https:\/\/ideel.ch\/fr\/wp-json\/wp\/v2\/product"}],"about":[{"href":"https:\/\/ideel.ch\/fr\/wp-json\/wp\/v2\/types\/product"}],"replies":[{"embeddable":true,"href":"https:\/\/ideel.ch\/fr\/wp-json\/wp\/v2\/comments?post=2092"}],"wp:featuredmedia":[{"embeddable":true,"href":"https:\/\/ideel.ch\/fr\/wp-json\/wp\/v2\/media\/2096"}],"wp:attachment":[{"href":"https:\/\/ideel.ch\/fr\/wp-json\/wp\/v2\/media?parent=2092"}],"wp:term":[{"taxonomy":"product_brand","embeddable":true,"href":"https:\/\/ideel.ch\/fr\/wp-json\/wp\/v2\/product_brand?post=2092"},{"taxonomy":"product_cat","embeddable":true,"href":"https:\/\/ideel.ch\/fr\/wp-json\/wp\/v2\/product_cat?post=2092"},{"taxonomy":"product_tag","embeddable":true,"href":"https:\/\/ideel.ch\/fr\/wp-json\/wp\/v2\/product_tag?post=2092"}],"curies":[{"name":"wp","href":"https:\/\/api.w.org\/{rel}","templated":true}]}}