{"id":3086,"date":"2022-09-30T08:25:22","date_gmt":"2022-09-30T07:25:22","guid":{"rendered":"https:\/\/ideel.nicolasgrimm.ch\/?post_type=product&#038;p=3086"},"modified":"2023-05-12T13:59:08","modified_gmt":"2023-05-12T12:59:08","slug":"vw-california-free-mountain-2","status":"publish","type":"product","link":"https:\/\/ideel.ch\/fr\/produit\/vw-california-free-mountain-2\/","title":{"rendered":"VW California Free Mountain"},"content":{"rendered":"","protected":false},"excerpt":{"rendered":"<div class=\"page\" title=\"Page 6\">\n<div class=\"section\">\n<div class=\"layoutArea\">\n<div class=\"column\">\n<p><strong>Transport de v\u00e9hicules<\/strong><\/p>\n<p><strong>Design<\/strong><\/p>\n<p>Visualisation<br \/>\nAVOR \/ Bon \u00e0 tirer<\/p>\n<p><strong>Production<\/strong><\/p>\n<p>Impression num\u00e9rique \/ Cut \/ Lamination Equipement<\/p>\n<\/div>\n<div class=\"column\">\n<p><strong>Mise sous film<\/strong><br \/>\nD\u00e9graisser le v\u00e9hicule<br \/>\nInscription c\u00f4t\u00e9 gauche et droit Nettoyage final<br \/>\nContr\u00f4le de qualit\u00e9 et contr\u00f4le final<\/p>\n<p><strong>Rapatriement du v\u00e9hicule<\/strong><\/p>\n<\/div>\n<\/div>\n<\/div>\n<\/div>\n<p class=\"p2\"><span class=\"s1\">Couleur du film au choix :\u00a0<a href=\"https:\/\/www.dropbox.com\/s\/ihaplzdwef33qsj\/VW_Multivan_Bicolor_Beschriftungskatalog_1.pdf?dl=0\" target=\"_blank\" rel=\"noopener\">https:\/\/www.dropbox.com\/s\/ihaplzdwef33qsj\/VW_Multivan_Bicolor_Beschriftungskatalog_1.pdf?dl=0<\/a><\/span><\/p>","protected":false},"featured_media":3087,"comment_status":"closed","ping_status":"closed","template":"","meta":[],"product_brand":[],"product_cat":[82],"product_tag":[],"class_list":{"0":"post-3086","1":"product","2":"type-product","3":"status-publish","4":"has-post-thumbnail","6":"product_cat-vw-california","8":"first","9":"instock","10":"taxable","11":"shipping-taxable","12":"purchasable","13":"product-type-simple"},"yoast_head":"<!-- This site is optimized with the Yoast SEO plugin v27.4 - https:\/\/yoast.com\/product\/yoast-seo-wordpress\/ -->\n<title>VW California Free Mountain - Id\u00e9el AG<\/title>\n<meta name=\"robots\" content=\"index, follow, max-snippet:-1, max-image-preview:large, max-video-preview:-1\" \/>\n<link rel=\"canonical\" href=\"https:\/\/ideel.ch\/fr\/produit\/vw-california-free-mountain-2\/\" \/>\n<meta property=\"og:locale\" content=\"fr_FR\" \/>\n<meta property=\"og:type\" content=\"article\" \/>\n<meta property=\"og:title\" content=\"VW California Free Mountain - Id\u00e9el AG\" \/>\n<meta property=\"og:description\" content=\"Fahrzeugtransport  Design  Visualisierung AVOR \/ Gut zum Druck  Produktion  Digitaldruck \/ Cut \/ Lamination Ausru\u0308stung     Folierung Fz. entfetten Beschriftung linke und rechte Seite Endreinigung Qualita\u0308ts und Endkontrolle  Fahrzeugru\u0308cktransport      Folienfarbe nach Wahl:\u00a0https:\/\/www.dropbox.com\/s\/ihaplzdwef33qsj\/VW_Multivan_Bicolor_Beschriftungskatalog_1.pdf?dl=0\" \/>\n<meta property=\"og:url\" content=\"https:\/\/ideel.ch\/fr\/produit\/vw-california-free-mountain-2\/\" \/>\n<meta property=\"og:site_name\" content=\"Id\u00e9el AG\" \/>\n<meta property=\"article:modified_time\" content=\"2023-05-12T12:59:08+00:00\" \/>\n<meta property=\"og:image\" content=\"https:\/\/ideel.ch\/wp-content\/uploads\/2022\/09\/Free-Mountain-I.jpg\" \/>\n\t<meta property=\"og:image:width\" content=\"1000\" \/>\n\t<meta property=\"og:image:height\" content=\"1000\" \/>\n\t<meta property=\"og:image:type\" content=\"image\/jpeg\" \/>\n<meta name=\"twitter:card\" content=\"summary_large_image\" \/>\n<script type=\"application\/ld+json\" class=\"yoast-schema-graph\">{\"@context\":\"https:\\\/\\\/schema.org\",\"@graph\":[{\"@type\":\"WebPage\",\"@id\":\"https:\\\/\\\/ideel.ch\\\/produkt\\\/vw-california-free-mountain-2\\\/\",\"url\":\"https:\\\/\\\/ideel.ch\\\/produkt\\\/vw-california-free-mountain-2\\\/\",\"name\":\"VW California Free Mountain - Id\u00e9el AG\",\"isPartOf\":{\"@id\":\"https:\\\/\\\/ideel.ch\\\/#website\"},\"primaryImageOfPage\":{\"@id\":\"https:\\\/\\\/ideel.ch\\\/produkt\\\/vw-california-free-mountain-2\\\/#primaryimage\"},\"image\":{\"@id\":\"https:\\\/\\\/ideel.ch\\\/produkt\\\/vw-california-free-mountain-2\\\/#primaryimage\"},\"thumbnailUrl\":\"https:\\\/\\\/ideel.ch\\\/wp-content\\\/uploads\\\/2022\\\/09\\\/Free-Mountain-I.jpg\",\"datePublished\":\"2022-09-30T07:25:22+00:00\",\"dateModified\":\"2023-05-12T12:59:08+00:00\",\"breadcrumb\":{\"@id\":\"https:\\\/\\\/ideel.ch\\\/produkt\\\/vw-california-free-mountain-2\\\/#breadcrumb\"},\"inLanguage\":\"fr-FR\",\"potentialAction\":[{\"@type\":\"ReadAction\",\"target\":[\"https:\\\/\\\/ideel.ch\\\/produkt\\\/vw-california-free-mountain-2\\\/\"]}]},{\"@type\":\"ImageObject\",\"inLanguage\":\"fr-FR\",\"@id\":\"https:\\\/\\\/ideel.ch\\\/produkt\\\/vw-california-free-mountain-2\\\/#primaryimage\",\"url\":\"https:\\\/\\\/ideel.ch\\\/wp-content\\\/uploads\\\/2022\\\/09\\\/Free-Mountain-I.jpg\",\"contentUrl\":\"https:\\\/\\\/ideel.ch\\\/wp-content\\\/uploads\\\/2022\\\/09\\\/Free-Mountain-I.jpg\",\"width\":1000,\"height\":1000},{\"@type\":\"BreadcrumbList\",\"@id\":\"https:\\\/\\\/ideel.ch\\\/produkt\\\/vw-california-free-mountain-2\\\/#breadcrumb\",\"itemListElement\":[{\"@type\":\"ListItem\",\"position\":1,\"name\":\"Startseite\",\"item\":\"https:\\\/\\\/ideel.ch\\\/\"},{\"@type\":\"ListItem\",\"position\":2,\"name\":\"Shop\",\"item\":\"https:\\\/\\\/ideel.ch\\\/shop\\\/\"},{\"@type\":\"ListItem\",\"position\":3,\"name\":\"VW California Free Mountain\"}]},{\"@type\":\"WebSite\",\"@id\":\"https:\\\/\\\/ideel.ch\\\/#website\",\"url\":\"https:\\\/\\\/ideel.ch\\\/\",\"name\":\"Id\u00e9el AG\",\"description\":\"\",\"publisher\":{\"@id\":\"https:\\\/\\\/ideel.ch\\\/#organization\"},\"potentialAction\":[{\"@type\":\"SearchAction\",\"target\":{\"@type\":\"EntryPoint\",\"urlTemplate\":\"https:\\\/\\\/ideel.ch\\\/?s={search_term_string}\"},\"query-input\":{\"@type\":\"PropertyValueSpecification\",\"valueRequired\":true,\"valueName\":\"search_term_string\"}}],\"inLanguage\":\"fr-FR\"},{\"@type\":\"Organization\",\"@id\":\"https:\\\/\\\/ideel.ch\\\/#organization\",\"name\":\"Id\u00e9el Ag\",\"url\":\"https:\\\/\\\/ideel.ch\\\/\",\"logo\":{\"@type\":\"ImageObject\",\"inLanguage\":\"fr-FR\",\"@id\":\"https:\\\/\\\/ideel.ch\\\/#\\\/schema\\\/logo\\\/image\\\/\",\"url\":\"https:\\\/\\\/ideel.ch\\\/wp-content\\\/uploads\\\/2022\\\/06\\\/Logo_Ide\u0301el_schwarz.png\",\"contentUrl\":\"https:\\\/\\\/ideel.ch\\\/wp-content\\\/uploads\\\/2022\\\/06\\\/Logo_Ide\u0301el_schwarz.png\",\"width\":2156,\"height\":1299,\"caption\":\"Id\u00e9el Ag\"},\"image\":{\"@id\":\"https:\\\/\\\/ideel.ch\\\/#\\\/schema\\\/logo\\\/image\\\/\"}}]}<\/script>\n<!-- \/ Yoast SEO plugin. -->","yoast_head_json":{"title":"VW California Free Mountain - Id\u00e9el AG","robots":{"index":"index","follow":"follow","max-snippet":"max-snippet:-1","max-image-preview":"max-image-preview:large","max-video-preview":"max-video-preview:-1"},"canonical":"https:\/\/ideel.ch\/fr\/produit\/vw-california-free-mountain-2\/","og_locale":"fr_FR","og_type":"article","og_title":"VW California Free Mountain - Id\u00e9el AG","og_description":"Fahrzeugtransport  Design  Visualisierung AVOR \/ Gut zum Druck  Produktion  Digitaldruck \/ Cut \/ Lamination Ausru\u0308stung     Folierung Fz. entfetten Beschriftung linke und rechte Seite Endreinigung Qualita\u0308ts und Endkontrolle  Fahrzeugru\u0308cktransport      Folienfarbe nach Wahl:\u00a0https:\/\/www.dropbox.com\/s\/ihaplzdwef33qsj\/VW_Multivan_Bicolor_Beschriftungskatalog_1.pdf?dl=0","og_url":"https:\/\/ideel.ch\/fr\/produit\/vw-california-free-mountain-2\/","og_site_name":"Id\u00e9el AG","article_modified_time":"2023-05-12T12:59:08+00:00","og_image":[{"width":1000,"height":1000,"url":"https:\/\/ideel.ch\/wp-content\/uploads\/2022\/09\/Free-Mountain-I.jpg","type":"image\/jpeg"}],"twitter_card":"summary_large_image","schema":{"@context":"https:\/\/schema.org","@graph":[{"@type":"WebPage","@id":"https:\/\/ideel.ch\/produkt\/vw-california-free-mountain-2\/","url":"https:\/\/ideel.ch\/produkt\/vw-california-free-mountain-2\/","name":"VW California Free Mountain - Id\u00e9el AG","isPartOf":{"@id":"https:\/\/ideel.ch\/#website"},"primaryImageOfPage":{"@id":"https:\/\/ideel.ch\/produkt\/vw-california-free-mountain-2\/#primaryimage"},"image":{"@id":"https:\/\/ideel.ch\/produkt\/vw-california-free-mountain-2\/#primaryimage"},"thumbnailUrl":"https:\/\/ideel.ch\/wp-content\/uploads\/2022\/09\/Free-Mountain-I.jpg","datePublished":"2022-09-30T07:25:22+00:00","dateModified":"2023-05-12T12:59:08+00:00","breadcrumb":{"@id":"https:\/\/ideel.ch\/produkt\/vw-california-free-mountain-2\/#breadcrumb"},"inLanguage":"fr-FR","potentialAction":[{"@type":"ReadAction","target":["https:\/\/ideel.ch\/produkt\/vw-california-free-mountain-2\/"]}]},{"@type":"ImageObject","inLanguage":"fr-FR","@id":"https:\/\/ideel.ch\/produkt\/vw-california-free-mountain-2\/#primaryimage","url":"https:\/\/ideel.ch\/wp-content\/uploads\/2022\/09\/Free-Mountain-I.jpg","contentUrl":"https:\/\/ideel.ch\/wp-content\/uploads\/2022\/09\/Free-Mountain-I.jpg","width":1000,"height":1000},{"@type":"BreadcrumbList","@id":"https:\/\/ideel.ch\/produkt\/vw-california-free-mountain-2\/#breadcrumb","itemListElement":[{"@type":"ListItem","position":1,"name":"Startseite","item":"https:\/\/ideel.ch\/"},{"@type":"ListItem","position":2,"name":"Shop","item":"https:\/\/ideel.ch\/shop\/"},{"@type":"ListItem","position":3,"name":"VW California Free Mountain"}]},{"@type":"WebSite","@id":"https:\/\/ideel.ch\/#website","url":"https:\/\/ideel.ch\/","name":"Id\u00e9el AG","description":"","publisher":{"@id":"https:\/\/ideel.ch\/#organization"},"potentialAction":[{"@type":"SearchAction","target":{"@type":"EntryPoint","urlTemplate":"https:\/\/ideel.ch\/?s={search_term_string}"},"query-input":{"@type":"PropertyValueSpecification","valueRequired":true,"valueName":"search_term_string"}}],"inLanguage":"fr-FR"},{"@type":"Organization","@id":"https:\/\/ideel.ch\/#organization","name":"Id\u00e9el Ag","url":"https:\/\/ideel.ch\/","logo":{"@type":"ImageObject","inLanguage":"fr-FR","@id":"https:\/\/ideel.ch\/#\/schema\/logo\/image\/","url":"https:\/\/ideel.ch\/wp-content\/uploads\/2022\/06\/Logo_Ide\u0301el_schwarz.png","contentUrl":"https:\/\/ideel.ch\/wp-content\/uploads\/2022\/06\/Logo_Ide\u0301el_schwarz.png","width":2156,"height":1299,"caption":"Id\u00e9el Ag"},"image":{"@id":"https:\/\/ideel.ch\/#\/schema\/logo\/image\/"}}]}},"_links":{"self":[{"href":"https:\/\/ideel.ch\/fr\/wp-json\/wp\/v2\/product\/3086","targetHints":{"allow":["GET"]}}],"collection":[{"href":"https:\/\/ideel.ch\/fr\/wp-json\/wp\/v2\/product"}],"about":[{"href":"https:\/\/ideel.ch\/fr\/wp-json\/wp\/v2\/types\/product"}],"replies":[{"embeddable":true,"href":"https:\/\/ideel.ch\/fr\/wp-json\/wp\/v2\/comments?post=3086"}],"wp:featuredmedia":[{"embeddable":true,"href":"https:\/\/ideel.ch\/fr\/wp-json\/wp\/v2\/media\/3087"}],"wp:attachment":[{"href":"https:\/\/ideel.ch\/fr\/wp-json\/wp\/v2\/media?parent=3086"}],"wp:term":[{"taxonomy":"product_brand","embeddable":true,"href":"https:\/\/ideel.ch\/fr\/wp-json\/wp\/v2\/product_brand?post=3086"},{"taxonomy":"product_cat","embeddable":true,"href":"https:\/\/ideel.ch\/fr\/wp-json\/wp\/v2\/product_cat?post=3086"},{"taxonomy":"product_tag","embeddable":true,"href":"https:\/\/ideel.ch\/fr\/wp-json\/wp\/v2\/product_tag?post=3086"}],"curies":[{"name":"wp","href":"https:\/\/api.w.org\/{rel}","templated":true}]}}