{"id":5636,"date":"2023-03-03T09:19:00","date_gmt":"2023-03-03T08:19:00","guid":{"rendered":"https:\/\/ideel.ch\/?post_type=product&#038;p=5636"},"modified":"2023-06-02T14:37:21","modified_gmt":"2023-06-02T13:37:21","slug":"vw-id-buzz-kolibri","status":"publish","type":"product","link":"https:\/\/ideel.ch\/fr\/produit\/vw-id-buzz-kolibri\/","title":{"rendered":"VW ID BUZZ K\u00f3libri"},"content":{"rendered":"","protected":false},"excerpt":{"rendered":"<p class=\"p1\"><strong>Transport de v\u00e9hicules<\/strong><\/p>\n<p class=\"p2\"><strong>Design <\/strong><\/p>\n<p class=\"p3\">Visualisation<\/p>\n<p class=\"p3\">AVOR \/ Bon \u00e0 tirer<\/p>\n<p class=\"p2\"><strong>Production <\/strong><\/p>\n<p class=\"p3\">Impression num\u00e9rique et laminage<\/p>\n<p class=\"p3\">\u00c9quipement<\/p>\n<p class=\"p2\"><strong>Mise sous film<\/strong><\/p>\n<p class=\"p3\">D\u00e9montage des pi\u00e8ces du v\u00e9hicule<\/p>\n<p class=\"p3\">D\u00e9graisser compl\u00e8tement le v\u00e9hicule<\/p>\n<p class=\"p3\">Car wrapping \/ pelliculage<\/p>\n<p class=\"p3\">Pi\u00e8ces de v\u00e9hicules Montage professionnel<\/p>\n<p class=\"p3\">Nettoyage final<\/p>\n<p class=\"p3\">Contr\u00f4le de qualit\u00e9 et contr\u00f4le final<\/p>\n<p class=\"p1\"><strong>Rapatriement du v\u00e9hicule <\/strong><\/p>","protected":false},"featured_media":5640,"comment_status":"closed","ping_status":"closed","template":"","meta":[],"product_brand":[],"product_cat":[76],"product_tag":[],"class_list":{"0":"post-5636","1":"product","2":"type-product","3":"status-publish","4":"has-post-thumbnail","6":"product_cat-vw-id-buzz","8":"first","9":"instock","10":"taxable","11":"shipping-taxable","12":"purchasable","13":"product-type-simple"},"yoast_head":"<!-- This site is optimized with the Yoast SEO plugin v27.4 - https:\/\/yoast.com\/product\/yoast-seo-wordpress\/ -->\n<title>VW ID BUZZ K\u00f3libri - Id\u00e9el AG<\/title>\n<meta name=\"robots\" content=\"index, follow, max-snippet:-1, max-image-preview:large, max-video-preview:-1\" \/>\n<link rel=\"canonical\" href=\"https:\/\/ideel.ch\/fr\/produit\/vw-id-buzz-kolibri\/\" \/>\n<meta property=\"og:locale\" content=\"fr_FR\" \/>\n<meta property=\"og:type\" content=\"article\" \/>\n<meta property=\"og:title\" content=\"VW ID BUZZ K\u00f3libri - Id\u00e9el AG\" \/>\n<meta property=\"og:description\" content=\"Fahrzeugtransport Design  Visualisierung AVOR \/ Gut zum Druck Produktion  Digitaldruck und Lamination Ausr\u00fcstung Folierung Demontage Fahrzeugteile Fz. komplett entfetten Car Wrapping \/ Folierung Fz.-Teile fachgerechte Montage Endreinigung Qualit\u00e4ts und Endkontrolle Fahrzeugr\u00fccktransport\" \/>\n<meta property=\"og:url\" content=\"https:\/\/ideel.ch\/fr\/produit\/vw-id-buzz-kolibri\/\" \/>\n<meta property=\"og:site_name\" content=\"Id\u00e9el AG\" \/>\n<meta property=\"article:modified_time\" content=\"2023-06-02T13:37:21+00:00\" \/>\n<meta property=\"og:image\" content=\"https:\/\/ideel.ch\/wp-content\/uploads\/2023\/03\/36.jpg\" \/>\n\t<meta property=\"og:image:width\" content=\"1000\" \/>\n\t<meta property=\"og:image:height\" content=\"1000\" \/>\n\t<meta property=\"og:image:type\" content=\"image\/jpeg\" \/>\n<meta name=\"twitter:card\" content=\"summary_large_image\" \/>\n<script type=\"application\/ld+json\" class=\"yoast-schema-graph\">{\"@context\":\"https:\\\/\\\/schema.org\",\"@graph\":[{\"@type\":\"WebPage\",\"@id\":\"https:\\\/\\\/ideel.ch\\\/produkt\\\/vw-id-buzz-kolibri\\\/\",\"url\":\"https:\\\/\\\/ideel.ch\\\/produkt\\\/vw-id-buzz-kolibri\\\/\",\"name\":\"VW ID BUZZ K\u00f3libri - Id\u00e9el AG\",\"isPartOf\":{\"@id\":\"https:\\\/\\\/ideel.ch\\\/#website\"},\"primaryImageOfPage\":{\"@id\":\"https:\\\/\\\/ideel.ch\\\/produkt\\\/vw-id-buzz-kolibri\\\/#primaryimage\"},\"image\":{\"@id\":\"https:\\\/\\\/ideel.ch\\\/produkt\\\/vw-id-buzz-kolibri\\\/#primaryimage\"},\"thumbnailUrl\":\"https:\\\/\\\/ideel.ch\\\/wp-content\\\/uploads\\\/2023\\\/03\\\/36.jpg\",\"datePublished\":\"2023-03-03T08:19:00+00:00\",\"dateModified\":\"2023-06-02T13:37:21+00:00\",\"breadcrumb\":{\"@id\":\"https:\\\/\\\/ideel.ch\\\/produkt\\\/vw-id-buzz-kolibri\\\/#breadcrumb\"},\"inLanguage\":\"fr-FR\",\"potentialAction\":[{\"@type\":\"ReadAction\",\"target\":[\"https:\\\/\\\/ideel.ch\\\/produkt\\\/vw-id-buzz-kolibri\\\/\"]}]},{\"@type\":\"ImageObject\",\"inLanguage\":\"fr-FR\",\"@id\":\"https:\\\/\\\/ideel.ch\\\/produkt\\\/vw-id-buzz-kolibri\\\/#primaryimage\",\"url\":\"https:\\\/\\\/ideel.ch\\\/wp-content\\\/uploads\\\/2023\\\/03\\\/36.jpg\",\"contentUrl\":\"https:\\\/\\\/ideel.ch\\\/wp-content\\\/uploads\\\/2023\\\/03\\\/36.jpg\",\"width\":1000,\"height\":1000},{\"@type\":\"BreadcrumbList\",\"@id\":\"https:\\\/\\\/ideel.ch\\\/produkt\\\/vw-id-buzz-kolibri\\\/#breadcrumb\",\"itemListElement\":[{\"@type\":\"ListItem\",\"position\":1,\"name\":\"Startseite\",\"item\":\"https:\\\/\\\/ideel.ch\\\/\"},{\"@type\":\"ListItem\",\"position\":2,\"name\":\"Shop\",\"item\":\"https:\\\/\\\/ideel.ch\\\/shop\\\/\"},{\"@type\":\"ListItem\",\"position\":3,\"name\":\"VW ID BUZZ K\u00f3libri\"}]},{\"@type\":\"WebSite\",\"@id\":\"https:\\\/\\\/ideel.ch\\\/#website\",\"url\":\"https:\\\/\\\/ideel.ch\\\/\",\"name\":\"Id\u00e9el AG\",\"description\":\"\",\"publisher\":{\"@id\":\"https:\\\/\\\/ideel.ch\\\/#organization\"},\"potentialAction\":[{\"@type\":\"SearchAction\",\"target\":{\"@type\":\"EntryPoint\",\"urlTemplate\":\"https:\\\/\\\/ideel.ch\\\/?s={search_term_string}\"},\"query-input\":{\"@type\":\"PropertyValueSpecification\",\"valueRequired\":true,\"valueName\":\"search_term_string\"}}],\"inLanguage\":\"fr-FR\"},{\"@type\":\"Organization\",\"@id\":\"https:\\\/\\\/ideel.ch\\\/#organization\",\"name\":\"Id\u00e9el Ag\",\"url\":\"https:\\\/\\\/ideel.ch\\\/\",\"logo\":{\"@type\":\"ImageObject\",\"inLanguage\":\"fr-FR\",\"@id\":\"https:\\\/\\\/ideel.ch\\\/#\\\/schema\\\/logo\\\/image\\\/\",\"url\":\"https:\\\/\\\/ideel.ch\\\/wp-content\\\/uploads\\\/2022\\\/06\\\/Logo_Ide\u0301el_schwarz.png\",\"contentUrl\":\"https:\\\/\\\/ideel.ch\\\/wp-content\\\/uploads\\\/2022\\\/06\\\/Logo_Ide\u0301el_schwarz.png\",\"width\":2156,\"height\":1299,\"caption\":\"Id\u00e9el Ag\"},\"image\":{\"@id\":\"https:\\\/\\\/ideel.ch\\\/#\\\/schema\\\/logo\\\/image\\\/\"}}]}<\/script>\n<!-- \/ Yoast SEO plugin. -->","yoast_head_json":{"title":"VW ID BUZZ K\u00f3libri - Id\u00e9el AG","robots":{"index":"index","follow":"follow","max-snippet":"max-snippet:-1","max-image-preview":"max-image-preview:large","max-video-preview":"max-video-preview:-1"},"canonical":"https:\/\/ideel.ch\/fr\/produit\/vw-id-buzz-kolibri\/","og_locale":"fr_FR","og_type":"article","og_title":"VW ID BUZZ K\u00f3libri - Id\u00e9el AG","og_description":"Fahrzeugtransport Design  Visualisierung AVOR \/ Gut zum Druck Produktion  Digitaldruck und Lamination Ausr\u00fcstung Folierung Demontage Fahrzeugteile Fz. komplett entfetten Car Wrapping \/ Folierung Fz.-Teile fachgerechte Montage Endreinigung Qualit\u00e4ts und Endkontrolle Fahrzeugr\u00fccktransport","og_url":"https:\/\/ideel.ch\/fr\/produit\/vw-id-buzz-kolibri\/","og_site_name":"Id\u00e9el AG","article_modified_time":"2023-06-02T13:37:21+00:00","og_image":[{"width":1000,"height":1000,"url":"https:\/\/ideel.ch\/wp-content\/uploads\/2023\/03\/36.jpg","type":"image\/jpeg"}],"twitter_card":"summary_large_image","schema":{"@context":"https:\/\/schema.org","@graph":[{"@type":"WebPage","@id":"https:\/\/ideel.ch\/produkt\/vw-id-buzz-kolibri\/","url":"https:\/\/ideel.ch\/produkt\/vw-id-buzz-kolibri\/","name":"VW ID BUZZ K\u00f3libri - Id\u00e9el AG","isPartOf":{"@id":"https:\/\/ideel.ch\/#website"},"primaryImageOfPage":{"@id":"https:\/\/ideel.ch\/produkt\/vw-id-buzz-kolibri\/#primaryimage"},"image":{"@id":"https:\/\/ideel.ch\/produkt\/vw-id-buzz-kolibri\/#primaryimage"},"thumbnailUrl":"https:\/\/ideel.ch\/wp-content\/uploads\/2023\/03\/36.jpg","datePublished":"2023-03-03T08:19:00+00:00","dateModified":"2023-06-02T13:37:21+00:00","breadcrumb":{"@id":"https:\/\/ideel.ch\/produkt\/vw-id-buzz-kolibri\/#breadcrumb"},"inLanguage":"fr-FR","potentialAction":[{"@type":"ReadAction","target":["https:\/\/ideel.ch\/produkt\/vw-id-buzz-kolibri\/"]}]},{"@type":"ImageObject","inLanguage":"fr-FR","@id":"https:\/\/ideel.ch\/produkt\/vw-id-buzz-kolibri\/#primaryimage","url":"https:\/\/ideel.ch\/wp-content\/uploads\/2023\/03\/36.jpg","contentUrl":"https:\/\/ideel.ch\/wp-content\/uploads\/2023\/03\/36.jpg","width":1000,"height":1000},{"@type":"BreadcrumbList","@id":"https:\/\/ideel.ch\/produkt\/vw-id-buzz-kolibri\/#breadcrumb","itemListElement":[{"@type":"ListItem","position":1,"name":"Startseite","item":"https:\/\/ideel.ch\/"},{"@type":"ListItem","position":2,"name":"Shop","item":"https:\/\/ideel.ch\/shop\/"},{"@type":"ListItem","position":3,"name":"VW ID BUZZ K\u00f3libri"}]},{"@type":"WebSite","@id":"https:\/\/ideel.ch\/#website","url":"https:\/\/ideel.ch\/","name":"Id\u00e9el AG","description":"","publisher":{"@id":"https:\/\/ideel.ch\/#organization"},"potentialAction":[{"@type":"SearchAction","target":{"@type":"EntryPoint","urlTemplate":"https:\/\/ideel.ch\/?s={search_term_string}"},"query-input":{"@type":"PropertyValueSpecification","valueRequired":true,"valueName":"search_term_string"}}],"inLanguage":"fr-FR"},{"@type":"Organization","@id":"https:\/\/ideel.ch\/#organization","name":"Id\u00e9el Ag","url":"https:\/\/ideel.ch\/","logo":{"@type":"ImageObject","inLanguage":"fr-FR","@id":"https:\/\/ideel.ch\/#\/schema\/logo\/image\/","url":"https:\/\/ideel.ch\/wp-content\/uploads\/2022\/06\/Logo_Ide\u0301el_schwarz.png","contentUrl":"https:\/\/ideel.ch\/wp-content\/uploads\/2022\/06\/Logo_Ide\u0301el_schwarz.png","width":2156,"height":1299,"caption":"Id\u00e9el Ag"},"image":{"@id":"https:\/\/ideel.ch\/#\/schema\/logo\/image\/"}}]}},"_links":{"self":[{"href":"https:\/\/ideel.ch\/fr\/wp-json\/wp\/v2\/product\/5636","targetHints":{"allow":["GET"]}}],"collection":[{"href":"https:\/\/ideel.ch\/fr\/wp-json\/wp\/v2\/product"}],"about":[{"href":"https:\/\/ideel.ch\/fr\/wp-json\/wp\/v2\/types\/product"}],"replies":[{"embeddable":true,"href":"https:\/\/ideel.ch\/fr\/wp-json\/wp\/v2\/comments?post=5636"}],"wp:featuredmedia":[{"embeddable":true,"href":"https:\/\/ideel.ch\/fr\/wp-json\/wp\/v2\/media\/5640"}],"wp:attachment":[{"href":"https:\/\/ideel.ch\/fr\/wp-json\/wp\/v2\/media?parent=5636"}],"wp:term":[{"taxonomy":"product_brand","embeddable":true,"href":"https:\/\/ideel.ch\/fr\/wp-json\/wp\/v2\/product_brand?post=5636"},{"taxonomy":"product_cat","embeddable":true,"href":"https:\/\/ideel.ch\/fr\/wp-json\/wp\/v2\/product_cat?post=5636"},{"taxonomy":"product_tag","embeddable":true,"href":"https:\/\/ideel.ch\/fr\/wp-json\/wp\/v2\/product_tag?post=5636"}],"curies":[{"name":"wp","href":"https:\/\/api.w.org\/{rel}","templated":true}]}}